{"id":7359,"date":"2021-10-30T18:05:21","date_gmt":"2021-10-30T15:05:21","guid":{"rendered":"https:\/\/sionsolution.ro\/shop\/?post_type=product&#038;p=7359"},"modified":"2022-01-26T15:26:10","modified_gmt":"2022-01-26T13:26:10","slug":"statie-incarcare-next-11-kw-conexiune-type-2-cablu-7-0-m","status":"publish","type":"product","link":"https:\/\/sionsolution.ro\/shop\/ro\/statie-incarcare-next-11-kw-conexiune-type-2-cablu-7-0-m\/","title":{"rendered":"Statie incarcare Webasto NEXT 11 kW cablu Type 2, 7 m"},"content":{"rendered":"<p>[vc_row][vc_column][vc_tta_accordion][vc_tta_section title=&#8221;Functionare&#8221; tab_id=&#8221;1635600055832-f0eddd51-606c&#8221;][vc_column_text]<strong>Statie incarcare webasto NEXT;<\/strong>\u00a0Sta\u021bia de \u00eenc\u0103rcare inteligent\u0103 <strong>Webasto Next<\/strong> faciliteaz\u0103 \u00eenc\u0103rcarea ma\u0219inilor electrice. Datorit\u0103 Back-End-ului propriu Webasto ChargeConnect, veti putea avea o imagine de ansamblu perfect\u0103 a sta\u021biei Dvs. de \u00eenc\u0103rcare de oriunde \u0219i oric\u00e2nd \u0219i o pute\u021bi controla \u0219i gestiona \u00een mod convenabil de la distan\u021b\u0103.<\/p>\n<p>[\/vc_column_text][\/vc_tta_section][vc_tta_section title=&#8221;Continut&#8221; tab_id=&#8221;1635600055847-c4c134cf-9909&#8243;][vc_column_text]<\/p>\n<h3><strong>Statie incarcare Webasto NEXT<\/strong><\/h3>\n<ul>\n<li>\n<div>Putere de\u00a0<span class=\"dia_suggestion w2\" contextmenu=\"true\">\u00eenc\u0103rcare<\/span>\u00a0scalabila de\u00a0<span class=\"dia_suggestion w5\" contextmenu=\"true\">p\u00e2n\u0103<\/span>\u00a0<span class=\"dia_suggestion w6\" contextmenu=\"true\"><span class=\"dia_suggestion w44\" contextmenu=\"true\"><span class=\"dia_suggestion w94\" contextmenu=\"true\"><span class=\"dia_suggestion w108\" contextmenu=\"true\">la<\/span><\/span><\/span><\/span> 11kW, cu lungimea cablului de <span class=\"dia_suggestion w15\" contextmenu=\"true\">\u00eenc\u0103rcare<\/span> de 4.5 m;<\/div>\n<\/li>\n<li>\n<div>Gestionarea\u00a0<span class=\"dia_suggestion w20\" contextmenu=\"true\">digital\u0103<\/span>\u00a0a\u00a0<span class=\"dia_suggestion w22\" contextmenu=\"true\">sta\u021biei<\/span>\u00a0de\u00a0<span class=\"dia_suggestion w2\" contextmenu=\"true\">\u00eenc\u0103rcare<\/span>\u00a0<span class=\"dia_suggestion w25\" contextmenu=\"true\"><span class=\"dia_suggestion w51\" contextmenu=\"true\"><span class=\"dia_suggestion w122\" contextmenu=\"true\">prin<\/span><\/span><\/span>\u00a0portalul\u00a0<span class=\"dia_suggestion w8\" contextmenu=\"true\"><span class=\"dia_suggestion w17\" contextmenu=\"true\"><span class=\"dia_suggestion w27\" contextmenu=\"true\"><span class=\"dia_suggestion w120\" contextmenu=\"true\">sau<\/span><\/span><\/span><\/span>\u00a0<span class=\"dia_suggestion w28\" contextmenu=\"true\">aplica\u021bia<\/span>\u00a0Webasto ChargeConnect;<\/div>\n<\/li>\n<li>\n<div>Mereu Online cu transmisie 24h \/ 7zile\u00a0<span class=\"dia_suggestion w37\" contextmenu=\"true\">\u00een<\/span>\u00a0<span class=\"dia_suggestion w38\" contextmenu=\"true\">timp<\/span>\u00a0real a datelor Wallbox;<\/div>\n<\/li>\n<li>\n<div>Autentificare\u00a0<span class=\"dia_suggestion w6\" contextmenu=\"true\"><span class=\"dia_suggestion w44\" contextmenu=\"true\"><span class=\"dia_suggestion w94\" contextmenu=\"true\"><span class=\"dia_suggestion w108\" contextmenu=\"true\">la<\/span><\/span><\/span><\/span>\u00a0<span class=\"dia_suggestion w45\" contextmenu=\"true\">sta\u021bia<\/span>\u00a0de\u00a0<span class=\"dia_suggestion w2\" contextmenu=\"true\">\u00eenc\u0103rcare<\/span>\u00a0<span class=\"dia_suggestion w48\" contextmenu=\"true\">folosind<\/span>\u00a0<span class=\"dia_suggestion w49\" contextmenu=\"true\">func\u021bia<\/span>:<\/div>\n<\/li>\n<li>\n<div>Scanare <span class=\"dia_suggestion w25\" contextmenu=\"true\"><span class=\"dia_suggestion w51\" contextmenu=\"true\"><span class=\"dia_suggestion w122\" contextmenu=\"true\">prin<\/span><\/span><\/span>\u00a0<span class=\"dia_suggestion w28\" contextmenu=\"true\">aplica\u021bia<\/span>\u00a0\u2019Webasto ChargeConnect\u201d;<\/div>\n<\/li>\n<li>\n<div>Integrarea\u00a0<span class=\"dia_suggestion w56\" contextmenu=\"true\">Sistemului<\/span>\u00a0de Management\u00a0<span class=\"dia_suggestion w59\" contextmenu=\"true\"><span class=\"dia_suggestion w99\" contextmenu=\"true\"><span class=\"dia_suggestion w106\" contextmenu=\"true\">al<\/span><\/span><\/span> energiei (EMS) via Modbus TCP;<\/div>\n<\/li>\n<li>\n<div>Gestionare\u00a0<span class=\"dia_suggestion w66\" contextmenu=\"true\">dinamic\u0103<\/span>\u00a0<span class=\"dia_suggestion w67\" contextmenu=\"true\">local\u0103<\/span>\u00a0a sarcinii (autonom)*;<\/div>\n<\/li>\n<li>\n<div>Modul contor integrat pentru monitorizarea consumului de energie <span class=\"dia_suggestion w79\" contextmenu=\"true\">\u0219i<\/span>\u00a0<span class=\"dia_suggestion w80\" contextmenu=\"true\">raport\u0103ri<\/span>\u00a0tarife;<\/div>\n<\/li>\n<li>\n<div>Cablu de\u00a0<span class=\"dia_suggestion w2\" contextmenu=\"true\">\u00eenc\u0103rcare<\/span>\u00a0<span class=\"dia_suggestion w85\" contextmenu=\"true\">Tip<\/span>\u00a02\u00a0<span class=\"dia_suggestion w79\" contextmenu=\"true\">\u0219i<\/span>\u00a0<span class=\"dia_suggestion w87\" contextmenu=\"true\">priz\u0103<\/span>\u00a0cuplaj de\u00a0<span class=\"dia_suggestion w15\" contextmenu=\"true\">\u00eenc\u0103rcare<\/span>;<\/div>\n<\/li>\n<\/ul>\n<h3><strong>Statie incarcare webasto NEXT<\/strong><\/h3>\n<ul>\n<li>\n<div>Economii de costuri\u00a0<span class=\"dia_suggestion w6\" contextmenu=\"true\"><span class=\"dia_suggestion w44\" contextmenu=\"true\"><span class=\"dia_suggestion w94\" contextmenu=\"true\"><span class=\"dia_suggestion w108\" contextmenu=\"true\">la<\/span><\/span><\/span><\/span>\u00a0instalare\u00a0<span class=\"dia_suggestion w96\" contextmenu=\"true\">datorit\u0103<\/span>\u00a0<span class=\"dia_suggestion w97\" contextmenu=\"true\">protec\u021biei<\/span>\u00a0integrate\u00a0<span class=\"dia_suggestion w59\" contextmenu=\"true\"><span class=\"dia_suggestion w99\" contextmenu=\"true\"><span class=\"dia_suggestion w106\" contextmenu=\"true\">al<\/span><\/span><\/span> curentului rezidual continuu;<\/div>\n<\/li>\n<li>\n<div>Receptor de control\u00a0<span class=\"dia_suggestion w59\" contextmenu=\"true\"><span class=\"dia_suggestion w99\" contextmenu=\"true\"><span class=\"dia_suggestion w106\" contextmenu=\"true\">al<\/span><\/span><\/span>\u00a0racordarii\u00a0<span class=\"dia_suggestion w6\" contextmenu=\"true\"><span class=\"dia_suggestion w44\" contextmenu=\"true\"><span class=\"dia_suggestion w94\" contextmenu=\"true\"><span class=\"dia_suggestion w108\" contextmenu=\"true\">la<\/span><\/span><\/span><\/span>\u00a0operatorul de\u00a0<span class=\"dia_suggestion w111\" contextmenu=\"true\">re\u021bea<\/span>\u00a0<span class=\"dia_suggestion w112\" contextmenu=\"true\">electric\u0103<\/span>;<\/div>\n<\/li>\n<li>Configurare\u00a0<span class=\"dia_suggestion w114\" contextmenu=\"true\">facil\u0103<\/span>\u00a0<span class=\"dia_suggestion w115\" contextmenu=\"true\">utiliz\u00e2nd<\/span>\u00a0<span class=\"dia_suggestion w116\" contextmenu=\"true\">re\u021beaua <\/span>Wi-<span class=\"dia_suggestion w118\" contextmenu=\"true\">Fi<\/span>\u00a0hotspot\u00a0<span class=\"dia_suggestion w8\" contextmenu=\"true\"><span class=\"dia_suggestion w17\" contextmenu=\"true\"><span class=\"dia_suggestion w27\" contextmenu=\"true\"><span class=\"dia_suggestion w120\" contextmenu=\"true\">sau<\/span><\/span><\/span><\/span>\u00a0setarea\u00a0<span class=\"dia_suggestion w25\" contextmenu=\"true\"><span class=\"dia_suggestion w51\" contextmenu=\"true\"><span class=\"dia_suggestion w122\" contextmenu=\"true\">prin<\/span><\/span><\/span>\u00a0<span class=\"dia_suggestion w28\" contextmenu=\"true\">aplica\u021bia<\/span> Webasto Charger pentru montatorii <span class=\"dia_suggestion w128\" contextmenu=\"true\">autoriza\u021bi<\/span>;Statia de incarcare 11 kW<\/li>\n<li>Cablu alimentare 380 v &#8211; 7 m<\/li>\n<li>Certificatul de garantie : 2 ani<\/li>\n<\/ul>\n<p>[\/vc_column_text][\/vc_tta_section][vc_tta_section title=&#8221;Fisa tehnica&#8221; tab_id=&#8221;1635600142399-ae4ae8a4-25ac&#8221;][vc_single_image image=&#8221;7361&#8243; img_size=&#8221;full&#8221; alignment=&#8221;center&#8221; onclick=&#8221;link_image&#8221;][\/vc_tta_section][vc_tta_section title=&#8221;Aplicatii&#8221; tab_id=&#8221;1635600194454-dd610b8d-beb3&#8243;][vc_column_text]<strong>Statie incarcare Webasto NEXT<\/strong> pentru ma\u0219ini electrice. Acest tip de statie de incarcare este destinat\u0103 atat pentru sectorul privat (<strong>ex:<\/strong> garaje si locuinte individuale) dar si pentru zonele semi-publice si publice (ex: hoteluri, cladiri de birouri, centre comerciale, parcari publice).<\/p>\n<p>Statiile de incarcare folosesc prize la standardul de incarcare AC tip 2, au fost testate cu toate modelele de masini electrice de pe piata din acest moment, dovedindu-se a fi solutii rapide de incarcare, fiabile si usor de configurat.<\/p>\n<p><b>Garantie: 24 LUNI<\/b><\/p>\n<p>https:\/\/charging.webasto.com\/ro-ro\/#c45357[\/vc_column_text][\/vc_tta_section][vc_tta_section title=&#8221;Info:&#8221; tab_id=&#8221;1639753094607-1094b7f1-c6e0&#8243;][vc_column_text]<span style=\"text-decoration: underline;\"><strong>Statie incarcare Webasto NEXT<\/strong>.<\/span> Acest tip de statii folosesc prize la standardul de incarcare AC tip 2, au fost testate cu toate modelele de masini electrice de pe piata din acest moment, dovedindu-se a fi solutii rapide de incarcare, fiabile si usor de configurat.<\/p>\n<p>Produsele\u00a0<a href=\"https:\/\/www.sionsolution.ro\/despre-noi\"><strong><span style=\"color: #0000ff;\">Sion Solution<\/span><\/strong><\/a>\u00a0sunt prezentate \u00een func\u021bie de publicul interesat. Atunci cand vorbim despre statie alimentare masini electrice, acestea functioneaza la curent continuu sau alternativ.<br \/>\nEle pot avea un punct de \u00eenc\u0103rcare (priz\u0103) sau mai multe, au diferite puteri \u0219i viteze de \u00eenc\u0103rcare, se pot monta pe perete sau sunt integrate \u00een st\u00e2lpi \u0219i coloane cu design elegant.<\/p>\n<p>U\u0219or, sigur, practic \u0219i rapid \u2013 statia de incarcare <strong><span style=\"color: #0000ff;\"><a style=\"color: #0000ff;\" href=\"https:\/\/charging.webasto.com\/ro-ro\/intrebari-frecvente\/\">Webasto Next<\/a><\/span><\/strong>\u00a0ofer\u0103 o capacitate personalizat\u0103 de \u00eenc\u0103rcare, siguran\u021b\u0103 maxim\u0103 \u0219i comoditate absolut\u0103.[\/vc_column_text][\/vc_tta_section][\/vc_tta_accordion][\/vc_column][\/vc_row]<\/p>\n","protected":false},"excerpt":{"rendered":"<p>[vc_row][vc_column][vc_tta_accordion][vc_tta_section title=&#8221;Functionare&#8221; tab_id=&#8221;1635600055832-f0eddd51-606c&#8221;][vc_column_text]Statie incarcare webasto NEXT;\u00a0Sta\u021bia de \u00eenc\u0103rcare inteligent\u0103 Webasto Next faciliteaz\u0103 \u00eenc\u0103rcarea ma\u0219inilor electrice. Datorit\u0103 Back-End-ului propriu Webasto ChargeConnect, veti putea avea o imagine de ansamblu perfect\u0103 a sta\u021biei Dvs. de \u00eenc\u0103rcare de oriunde \u0219i oric\u00e2nd \u0219i o pute\u021bi controla \u0219i gestiona \u00een mod&#8230;<\/p>\n","protected":false},"featured_media":7631,"comment_status":"closed","ping_status":"closed","template":"","meta":[],"etheme_brands":[],"product_cat":[79],"product_tag":[],"class_list":["post-7359","product","type-product","status-publish","has-post-thumbnail","hentry","product_cat-produse"],"yoast_head":"<!-- This site is optimized with the Yoast SEO plugin v18.0 - https:\/\/yoast.com\/wordpress\/plugins\/seo\/ -->\n<title>Statie incarcare Webasto NEXT 11 kW cablu Type 2, 7 m - Sion Solution Srl<\/title>\n<meta name=\"description\" content=\"Sion Solution | Firma autorizata de instalari | Statie Incarcare Webasto NEXT-11kW - conexiune Type 2, cablu 7 M | Suna Acum! 0754 244 577 |\" \/>\n<meta name=\"robots\" content=\"index, follow, max-snippet:-1, max-image-preview:large, max-video-preview:-1\" \/>\n<link rel=\"canonical\" href=\"https:\/\/sionsolution.ro\/shop\/ro\/statie-incarcare-next-11-kw-conexiune-type-2-cablu-7-0-m\/\" \/>\n<meta property=\"og:locale\" content=\"ro_RO\" \/>\n<meta property=\"og:type\" content=\"article\" \/>\n<meta property=\"og:title\" content=\"Statie incarcare Webasto NEXT 11 kW cablu Type 2, 7 m - Sion Solution Srl\" \/>\n<meta property=\"og:description\" content=\"Sion Solution | Firma autorizata de instalari | Statie Incarcare Webasto NEXT-11kW - conexiune Type 2, cablu 7 M | Suna Acum! 0754 244 577 |\" \/>\n<meta property=\"og:url\" content=\"https:\/\/sionsolution.ro\/shop\/ro\/statie-incarcare-next-11-kw-conexiune-type-2-cablu-7-0-m\/\" \/>\n<meta property=\"og:site_name\" content=\"Sion Solution Srl\" \/>\n<meta property=\"article:modified_time\" content=\"2022-01-26T13:26:10+00:00\" \/>\n<meta property=\"og:image\" content=\"https:\/\/sionsolution.ro\/shop\/wp-content\/uploads\/2021\/10\/statie-incarcare-Webasto-NEXT-vehicule-electrice-sion-solution.jpg\" \/>\n\t<meta property=\"og:image:width\" content=\"800\" \/>\n\t<meta property=\"og:image:height\" content=\"800\" \/>\n\t<meta property=\"og:image:type\" content=\"image\/jpeg\" \/>\n<meta name=\"twitter:card\" content=\"summary_large_image\" \/>\n<meta name=\"twitter:label1\" content=\"Timp estimat pentru citire\" \/>\n\t<meta name=\"twitter:data1\" content=\"2 minute\" \/>\n<script type=\"application\/ld+json\" class=\"yoast-schema-graph\">{\"@context\":\"https:\/\/schema.org\",\"@graph\":[{\"@type\":\"WebSite\",\"@id\":\"https:\/\/sionsolution.ro\/shop\/#website\",\"url\":\"https:\/\/sionsolution.ro\/shop\/\",\"name\":\"Sion Solution Srl\",\"description\":\"Servicii inteligente de securitate\",\"potentialAction\":[{\"@type\":\"SearchAction\",\"target\":{\"@type\":\"EntryPoint\",\"urlTemplate\":\"https:\/\/sionsolution.ro\/shop\/?s={search_term_string}\"},\"query-input\":\"required name=search_term_string\"}],\"inLanguage\":\"ro-RO\"},{\"@type\":\"ImageObject\",\"@id\":\"https:\/\/sionsolution.ro\/shop\/ro\/statie-incarcare-next-11-kw-conexiune-type-2-cablu-7-0-m\/#primaryimage\",\"inLanguage\":\"ro-RO\",\"url\":\"https:\/\/sionsolution.ro\/shop\/wp-content\/uploads\/2021\/10\/statie-incarcare-Webasto-NEXT-vehicule-electrice-sion-solution.jpg\",\"contentUrl\":\"https:\/\/sionsolution.ro\/shop\/wp-content\/uploads\/2021\/10\/statie-incarcare-Webasto-NEXT-vehicule-electrice-sion-solution.jpg\",\"width\":800,\"height\":800,\"caption\":\"statie-incarcare-Webasto-NEXT-vehicule-electrice-sion-solution\"},{\"@type\":\"WebPage\",\"@id\":\"https:\/\/sionsolution.ro\/shop\/ro\/statie-incarcare-next-11-kw-conexiune-type-2-cablu-7-0-m\/#webpage\",\"url\":\"https:\/\/sionsolution.ro\/shop\/ro\/statie-incarcare-next-11-kw-conexiune-type-2-cablu-7-0-m\/\",\"name\":\"Statie incarcare Webasto NEXT 11 kW cablu Type 2, 7 m - Sion Solution Srl\",\"isPartOf\":{\"@id\":\"https:\/\/sionsolution.ro\/shop\/#website\"},\"primaryImageOfPage\":{\"@id\":\"https:\/\/sionsolution.ro\/shop\/ro\/statie-incarcare-next-11-kw-conexiune-type-2-cablu-7-0-m\/#primaryimage\"},\"datePublished\":\"2021-10-30T15:05:21+00:00\",\"dateModified\":\"2022-01-26T13:26:10+00:00\",\"description\":\"Sion Solution | Firma autorizata de instalari | Statie Incarcare Webasto NEXT-11kW - conexiune Type 2, cablu 7 M | Suna Acum! 0754 244 577 |\",\"breadcrumb\":{\"@id\":\"https:\/\/sionsolution.ro\/shop\/ro\/statie-incarcare-next-11-kw-conexiune-type-2-cablu-7-0-m\/#breadcrumb\"},\"inLanguage\":\"ro-RO\",\"potentialAction\":[{\"@type\":\"ReadAction\",\"target\":[\"https:\/\/sionsolution.ro\/shop\/ro\/statie-incarcare-next-11-kw-conexiune-type-2-cablu-7-0-m\/\"]}]},{\"@type\":\"BreadcrumbList\",\"@id\":\"https:\/\/sionsolution.ro\/shop\/ro\/statie-incarcare-next-11-kw-conexiune-type-2-cablu-7-0-m\/#breadcrumb\",\"itemListElement\":[{\"@type\":\"ListItem\",\"position\":1,\"name\":\"Prima pagin\u0103\",\"item\":\"https:\/\/sionsolution.ro\/shop\/\"},{\"@type\":\"ListItem\",\"position\":2,\"name\":\"Shop\",\"item\":\"https:\/\/sionsolution.ro\/shop\/shop\/\"},{\"@type\":\"ListItem\",\"position\":3,\"name\":\"Statie incarcare Webasto NEXT 11 kW cablu Type 2, 7 m\"}]}]}<\/script>\n<!-- \/ Yoast SEO plugin. -->","yoast_head_json":{"title":"Statie incarcare Webasto NEXT 11 kW cablu Type 2, 7 m - Sion Solution Srl","description":"Sion Solution | Firma autorizata de instalari | Statie Incarcare Webasto NEXT-11kW - conexiune Type 2, cablu 7 M | Suna Acum! 0754 244 577 |","robots":{"index":"index","follow":"follow","max-snippet":"max-snippet:-1","max-image-preview":"max-image-preview:large","max-video-preview":"max-video-preview:-1"},"canonical":"https:\/\/sionsolution.ro\/shop\/ro\/statie-incarcare-next-11-kw-conexiune-type-2-cablu-7-0-m\/","og_locale":"ro_RO","og_type":"article","og_title":"Statie incarcare Webasto NEXT 11 kW cablu Type 2, 7 m - Sion Solution Srl","og_description":"Sion Solution | Firma autorizata de instalari | Statie Incarcare Webasto NEXT-11kW - conexiune Type 2, cablu 7 M | Suna Acum! 0754 244 577 |","og_url":"https:\/\/sionsolution.ro\/shop\/ro\/statie-incarcare-next-11-kw-conexiune-type-2-cablu-7-0-m\/","og_site_name":"Sion Solution Srl","article_modified_time":"2022-01-26T13:26:10+00:00","og_image":[{"width":800,"height":800,"url":"https:\/\/sionsolution.ro\/shop\/wp-content\/uploads\/2021\/10\/statie-incarcare-Webasto-NEXT-vehicule-electrice-sion-solution.jpg","type":"image\/jpeg"}],"twitter_card":"summary_large_image","twitter_misc":{"Timp estimat pentru citire":"2 minute"},"schema":{"@context":"https:\/\/schema.org","@graph":[{"@type":"WebSite","@id":"https:\/\/sionsolution.ro\/shop\/#website","url":"https:\/\/sionsolution.ro\/shop\/","name":"Sion Solution Srl","description":"Servicii inteligente de securitate","potentialAction":[{"@type":"SearchAction","target":{"@type":"EntryPoint","urlTemplate":"https:\/\/sionsolution.ro\/shop\/?s={search_term_string}"},"query-input":"required name=search_term_string"}],"inLanguage":"ro-RO"},{"@type":"ImageObject","@id":"https:\/\/sionsolution.ro\/shop\/ro\/statie-incarcare-next-11-kw-conexiune-type-2-cablu-7-0-m\/#primaryimage","inLanguage":"ro-RO","url":"https:\/\/sionsolution.ro\/shop\/wp-content\/uploads\/2021\/10\/statie-incarcare-Webasto-NEXT-vehicule-electrice-sion-solution.jpg","contentUrl":"https:\/\/sionsolution.ro\/shop\/wp-content\/uploads\/2021\/10\/statie-incarcare-Webasto-NEXT-vehicule-electrice-sion-solution.jpg","width":800,"height":800,"caption":"statie-incarcare-Webasto-NEXT-vehicule-electrice-sion-solution"},{"@type":"WebPage","@id":"https:\/\/sionsolution.ro\/shop\/ro\/statie-incarcare-next-11-kw-conexiune-type-2-cablu-7-0-m\/#webpage","url":"https:\/\/sionsolution.ro\/shop\/ro\/statie-incarcare-next-11-kw-conexiune-type-2-cablu-7-0-m\/","name":"Statie incarcare Webasto NEXT 11 kW cablu Type 2, 7 m - Sion Solution Srl","isPartOf":{"@id":"https:\/\/sionsolution.ro\/shop\/#website"},"primaryImageOfPage":{"@id":"https:\/\/sionsolution.ro\/shop\/ro\/statie-incarcare-next-11-kw-conexiune-type-2-cablu-7-0-m\/#primaryimage"},"datePublished":"2021-10-30T15:05:21+00:00","dateModified":"2022-01-26T13:26:10+00:00","description":"Sion Solution | Firma autorizata de instalari | Statie Incarcare Webasto NEXT-11kW - conexiune Type 2, cablu 7 M | Suna Acum! 0754 244 577 |","breadcrumb":{"@id":"https:\/\/sionsolution.ro\/shop\/ro\/statie-incarcare-next-11-kw-conexiune-type-2-cablu-7-0-m\/#breadcrumb"},"inLanguage":"ro-RO","potentialAction":[{"@type":"ReadAction","target":["https:\/\/sionsolution.ro\/shop\/ro\/statie-incarcare-next-11-kw-conexiune-type-2-cablu-7-0-m\/"]}]},{"@type":"BreadcrumbList","@id":"https:\/\/sionsolution.ro\/shop\/ro\/statie-incarcare-next-11-kw-conexiune-type-2-cablu-7-0-m\/#breadcrumb","itemListElement":[{"@type":"ListItem","position":1,"name":"Prima pagin\u0103","item":"https:\/\/sionsolution.ro\/shop\/"},{"@type":"ListItem","position":2,"name":"Shop","item":"https:\/\/sionsolution.ro\/shop\/shop\/"},{"@type":"ListItem","position":3,"name":"Statie incarcare Webasto NEXT 11 kW cablu Type 2, 7 m"}]}]}},"_links":{"self":[{"href":"https:\/\/sionsolution.ro\/shop\/wp-json\/wp\/v2\/product\/7359","targetHints":{"allow":["GET"]}}],"collection":[{"href":"https:\/\/sionsolution.ro\/shop\/wp-json\/wp\/v2\/product"}],"about":[{"href":"https:\/\/sionsolution.ro\/shop\/wp-json\/wp\/v2\/types\/product"}],"replies":[{"embeddable":true,"href":"https:\/\/sionsolution.ro\/shop\/wp-json\/wp\/v2\/comments?post=7359"}],"wp:featuredmedia":[{"embeddable":true,"href":"https:\/\/sionsolution.ro\/shop\/wp-json\/wp\/v2\/media\/7631"}],"wp:attachment":[{"href":"https:\/\/sionsolution.ro\/shop\/wp-json\/wp\/v2\/media?parent=7359"}],"wp:term":[{"taxonomy":"brand","embeddable":true,"href":"https:\/\/sionsolution.ro\/shop\/wp-json\/wp\/v2\/etheme_brands?post=7359"},{"taxonomy":"product_cat","embeddable":true,"href":"https:\/\/sionsolution.ro\/shop\/wp-json\/wp\/v2\/product_cat?post=7359"},{"taxonomy":"product_tag","embeddable":true,"href":"https:\/\/sionsolution.ro\/shop\/wp-json\/wp\/v2\/product_tag?post=7359"}],"curies":[{"name":"wp","href":"https:\/\/api.w.org\/{rel}","templated":true}]}}