{"id":7354,"date":"2021-10-30T17:58:30","date_gmt":"2021-10-30T14:58:30","guid":{"rendered":"https:\/\/sionsolution.ro\/shop\/?post_type=product&#038;p=7354"},"modified":"2022-01-28T11:27:03","modified_gmt":"2022-01-28T09:27:03","slug":"statie-incarcare-pure-ii-11-kw-cu-cablu-type-2-70-m","status":"publish","type":"product","link":"https:\/\/sionsolution.ro\/shop\/ro\/statie-incarcare-pure-ii-11-kw-cu-cablu-type-2-70-m\/","title":{"rendered":"Statie incarcare Webasto PURE II -11 kW cablu Type 2, 7 m"},"content":{"rendered":"<p>[vc_row][vc_column][vc_tta_accordion][vc_tta_section title=&#8221;Functionare&#8221; tab_id=&#8221;1635600055832-f0eddd51-606c&#8221;][vc_column_text]U\u0219or, sigur, practic \u0219i rapid &#8211; sta\u021bia de \u00eenc\u0103rcare Webasto Pure ofer\u0103 o capacitate personalizat\u0103 de \u00eenc\u0103rcare,<br \/>\nsiguran\u021b\u0103 maxim\u0103 \u0219i comoditate absolut\u0103.<\/p>\n<p>Re\u00eenc\u0103rcarea autoturismelor electrice este incredibil de u\u0219oar\u0103 \u0219i rapid\u0103 cu\u00a0aceast\u0103 sta\u021bie de \u00eenc\u0103rcare c\u00e2\u0219tig\u0103toare a numeroase premii.<\/p>\n<p><b>Garantie: 60 LUNI<\/b>[\/vc_column_text][\/vc_tta_section][vc_tta_section title=&#8221;Continut&#8221; tab_id=&#8221;1635600055847-c4c134cf-9909&#8243;][vc_column_text]<\/p>\n<ul>\n<li><strong>Statia de incarcare 11 kw<\/strong><\/li>\n<li><strong>Cablu alimentare 380 v &#8211; 7 m<\/strong><\/li>\n<li><strong>Certificatul de garantie : 2+ 3 ani<\/strong><\/li>\n<\/ul>\n<p>Fabricatie : Germania<\/p>\n<p><strong>Caracteristici electrice:<\/strong> Webasto Pure ( versiunea II)<br \/>\n<strong>Curent nominal (A)<\/strong> : 8, 10, 13, 16, 20, 25, 32, trifazat sau monofazat<br \/>\n<strong>Tensiunea de linie (V c.a.)<\/strong> : 230\/400 (Europe)<br \/>\n<strong>Frecven\u021ba liniei (Hz)<\/strong> : 50<br \/>\n<strong>Formulare de re\u021bea :<\/strong> TN \/ TT \/ IT (o faza)<br \/>\n<strong>Clasa EMC &#8211;<\/strong> Emisie de interferen\u021b\u0103: Clasa B (zone reziden\u021biale, comerciale, birouri)<br \/>\n<strong>Rezisten\u021b\u0103 la interferen\u021be<\/strong>: zone rezidentiale, comerciale, birouri<br \/>\n<strong>Categoria de supratensiune<\/strong> : III conform EN 60664<br \/>\n<strong>Clasa de protec\u021bie<\/strong> : I<br \/>\n<strong>Echipament de protec\u021bie<\/strong> : \u00centrerup\u0103toarele \u0219i \u00eentrerup\u0103toarele de curent rezidual specifice fiec\u0103rei \u021b\u0103ri trebuie prev\u0103zute pentru instalare la fa\u021ba locului<br \/>\nEchipament integrat de protectie: \u2265 6mA DC curent rezidual<\/p>\n<p><strong>Statie Incarcare Webasto PURE II<\/strong>. Acest tip de statii folosesc prize la standardul de incarcare AC tip 2, au fost testate cu toate modelele de masini electrice de pe piata din acest moment, dovedindu-se a fi solutii rapide de incarcare, fiabile si usor de configurat.<\/p>\n<p>Produsele\u00a0<a href=\"https:\/\/www.sionsolution.ro\/despre-noi\"><strong><span style=\"color: #0000ff;\">Sion Solution<\/span><\/strong><\/a>\u00a0sunt prezentate \u00een func\u021bie de publicul interesat. Atunci cand vorbim despre statie alimentare masini electrice, acestea functioneaza la curent continuu sau alternativ.<br \/>\nEle pot avea un punct de \u00eenc\u0103rcare (priz\u0103) sau mai multe, au diferite puteri \u0219i viteze de \u00eenc\u0103rcare, se pot monta pe perete sau sunt integrate \u00een st\u00e2lpi \u0219i coloane cu design elegant.<\/p>\n<p>U\u0219or, sigur, practic \u0219i rapid \u2013 statia de incarcare <strong><span style=\"color: #0000ff;\"><a style=\"color: #0000ff;\" href=\"https:\/\/charging.webasto.com\/ro-ro\/intrebari-frecvente\/\">Webasto Pure<\/a><\/span><\/strong>\u00a0ofer\u0103 o capacitate personalizat\u0103 de \u00eenc\u0103rcare, siguran\u021b\u0103 maxim\u0103 \u0219i comoditate absolut\u0103.<\/p>\n<p><b>Garantie: 60 LUNI<\/b>[\/vc_column_text][\/vc_tta_section][vc_tta_section title=&#8221;Fisa tehnica&#8221; tab_id=&#8221;1635600142399-ae4ae8a4-25ac&#8221;][vc_single_image image=&#8221;7358&#8243; img_size=&#8221;full&#8221; alignment=&#8221;center&#8221; onclick=&#8221;link_image&#8221;][\/vc_tta_section][vc_tta_section title=&#8221;Aplicatii&#8221; tab_id=&#8221;1635600194454-dd610b8d-beb3&#8243;][vc_column_text]https:\/\/charging.webasto.com\/ro-ro\/#c45357[\/vc_column_text][\/vc_tta_section][\/vc_tta_accordion][\/vc_column][\/vc_row]<\/p>\n","protected":false},"excerpt":{"rendered":"<p>[vc_row][vc_column][vc_tta_accordion][vc_tta_section title=&#8221;Functionare&#8221; tab_id=&#8221;1635600055832-f0eddd51-606c&#8221;][vc_column_text]U\u0219or, sigur, practic \u0219i rapid &#8211; sta\u021bia de \u00eenc\u0103rcare Webasto Pure ofer\u0103 o capacitate personalizat\u0103 de \u00eenc\u0103rcare, siguran\u021b\u0103 maxim\u0103 \u0219i comoditate absolut\u0103. Re\u00eenc\u0103rcarea autoturismelor electrice este incredibil de u\u0219oar\u0103 \u0219i rapid\u0103 cu\u00a0aceast\u0103 sta\u021bie de \u00eenc\u0103rcare c\u00e2\u0219tig\u0103toare a numeroase premii. Garantie: 60 LUNI[\/vc_column_text][\/vc_tta_section][vc_tta_section title=&#8221;Continut&#8221;&#8230;<\/p>\n","protected":false},"featured_media":7628,"comment_status":"closed","ping_status":"closed","template":"","meta":[],"etheme_brands":[],"product_cat":[79],"product_tag":[],"class_list":["post-7354","product","type-product","status-publish","has-post-thumbnail","hentry","product_cat-produse"],"yoast_head":"<!-- This site is optimized with the Yoast SEO plugin v18.0 - https:\/\/yoast.com\/wordpress\/plugins\/seo\/ -->\n<title>Statie incarcare Webasto PURE II -11 kW cablu Type 2, 7 m - Sion Solution Srl<\/title>\n<meta name=\"description\" content=\"Firma autorizata de instalari | Sion Solution | Suna Acum! 0754 244 577 | Statie Incarcare Webasto PURE II-11kW cu Cablu Type 2, 7 M |\" \/>\n<meta name=\"robots\" content=\"index, follow, max-snippet:-1, max-image-preview:large, max-video-preview:-1\" \/>\n<link rel=\"canonical\" href=\"https:\/\/sionsolution.ro\/shop\/ro\/statie-incarcare-pure-ii-11-kw-cu-cablu-type-2-70-m\/\" \/>\n<meta property=\"og:locale\" content=\"ro_RO\" \/>\n<meta property=\"og:type\" content=\"article\" \/>\n<meta property=\"og:title\" content=\"Statie incarcare Webasto PURE II -11 kW cablu Type 2, 7 m - Sion Solution Srl\" \/>\n<meta property=\"og:description\" content=\"Firma autorizata de instalari | Sion Solution | Suna Acum! 0754 244 577 | Statie Incarcare Webasto PURE II-11kW cu Cablu Type 2, 7 M |\" \/>\n<meta property=\"og:url\" content=\"https:\/\/sionsolution.ro\/shop\/ro\/statie-incarcare-pure-ii-11-kw-cu-cablu-type-2-70-m\/\" \/>\n<meta property=\"og:site_name\" content=\"Sion Solution Srl\" \/>\n<meta property=\"article:modified_time\" content=\"2022-01-28T09:27:03+00:00\" \/>\n<meta property=\"og:image\" content=\"https:\/\/sionsolution.ro\/shop\/wp-content\/uploads\/2021\/10\/statie-incarcare-webasto-PURE-pentru-vehicule-electrice-sion-solution.jpg\" \/>\n\t<meta property=\"og:image:width\" content=\"892\" \/>\n\t<meta property=\"og:image:height\" content=\"900\" \/>\n\t<meta property=\"og:image:type\" content=\"image\/jpeg\" \/>\n<meta name=\"twitter:card\" content=\"summary_large_image\" \/>\n<meta name=\"twitter:label1\" content=\"Timp estimat pentru citire\" \/>\n\t<meta name=\"twitter:data1\" content=\"2 minute\" \/>\n<script type=\"application\/ld+json\" class=\"yoast-schema-graph\">{\"@context\":\"https:\/\/schema.org\",\"@graph\":[{\"@type\":\"WebSite\",\"@id\":\"https:\/\/sionsolution.ro\/shop\/#website\",\"url\":\"https:\/\/sionsolution.ro\/shop\/\",\"name\":\"Sion Solution Srl\",\"description\":\"Servicii inteligente de securitate\",\"potentialAction\":[{\"@type\":\"SearchAction\",\"target\":{\"@type\":\"EntryPoint\",\"urlTemplate\":\"https:\/\/sionsolution.ro\/shop\/?s={search_term_string}\"},\"query-input\":\"required name=search_term_string\"}],\"inLanguage\":\"ro-RO\"},{\"@type\":\"ImageObject\",\"@id\":\"https:\/\/sionsolution.ro\/shop\/ro\/statie-incarcare-pure-ii-11-kw-cu-cablu-type-2-70-m\/#primaryimage\",\"inLanguage\":\"ro-RO\",\"url\":\"https:\/\/sionsolution.ro\/shop\/wp-content\/uploads\/2021\/10\/statie-incarcare-webasto-PURE-pentru-vehicule-electrice-sion-solution.jpg\",\"contentUrl\":\"https:\/\/sionsolution.ro\/shop\/wp-content\/uploads\/2021\/10\/statie-incarcare-webasto-PURE-pentru-vehicule-electrice-sion-solution.jpg\",\"width\":892,\"height\":900,\"caption\":\"statie-incarcare-webasto-PURE-pentru-vehicule-electrice-sion-solution\"},{\"@type\":\"WebPage\",\"@id\":\"https:\/\/sionsolution.ro\/shop\/ro\/statie-incarcare-pure-ii-11-kw-cu-cablu-type-2-70-m\/#webpage\",\"url\":\"https:\/\/sionsolution.ro\/shop\/ro\/statie-incarcare-pure-ii-11-kw-cu-cablu-type-2-70-m\/\",\"name\":\"Statie incarcare Webasto PURE II -11 kW cablu Type 2, 7 m - Sion Solution Srl\",\"isPartOf\":{\"@id\":\"https:\/\/sionsolution.ro\/shop\/#website\"},\"primaryImageOfPage\":{\"@id\":\"https:\/\/sionsolution.ro\/shop\/ro\/statie-incarcare-pure-ii-11-kw-cu-cablu-type-2-70-m\/#primaryimage\"},\"datePublished\":\"2021-10-30T14:58:30+00:00\",\"dateModified\":\"2022-01-28T09:27:03+00:00\",\"description\":\"Firma autorizata de instalari | Sion Solution | Suna Acum! 0754 244 577 | Statie Incarcare Webasto PURE II-11kW cu Cablu Type 2, 7 M |\",\"breadcrumb\":{\"@id\":\"https:\/\/sionsolution.ro\/shop\/ro\/statie-incarcare-pure-ii-11-kw-cu-cablu-type-2-70-m\/#breadcrumb\"},\"inLanguage\":\"ro-RO\",\"potentialAction\":[{\"@type\":\"ReadAction\",\"target\":[\"https:\/\/sionsolution.ro\/shop\/ro\/statie-incarcare-pure-ii-11-kw-cu-cablu-type-2-70-m\/\"]}]},{\"@type\":\"BreadcrumbList\",\"@id\":\"https:\/\/sionsolution.ro\/shop\/ro\/statie-incarcare-pure-ii-11-kw-cu-cablu-type-2-70-m\/#breadcrumb\",\"itemListElement\":[{\"@type\":\"ListItem\",\"position\":1,\"name\":\"Prima pagin\u0103\",\"item\":\"https:\/\/sionsolution.ro\/shop\/\"},{\"@type\":\"ListItem\",\"position\":2,\"name\":\"Shop\",\"item\":\"https:\/\/sionsolution.ro\/shop\/shop\/\"},{\"@type\":\"ListItem\",\"position\":3,\"name\":\"Statie incarcare Webasto PURE II -11 kW cablu Type 2, 7 m\"}]}]}<\/script>\n<!-- \/ Yoast SEO plugin. -->","yoast_head_json":{"title":"Statie incarcare Webasto PURE II -11 kW cablu Type 2, 7 m - Sion Solution Srl","description":"Firma autorizata de instalari | Sion Solution | Suna Acum! 0754 244 577 | Statie Incarcare Webasto PURE II-11kW cu Cablu Type 2, 7 M |","robots":{"index":"index","follow":"follow","max-snippet":"max-snippet:-1","max-image-preview":"max-image-preview:large","max-video-preview":"max-video-preview:-1"},"canonical":"https:\/\/sionsolution.ro\/shop\/ro\/statie-incarcare-pure-ii-11-kw-cu-cablu-type-2-70-m\/","og_locale":"ro_RO","og_type":"article","og_title":"Statie incarcare Webasto PURE II -11 kW cablu Type 2, 7 m - Sion Solution Srl","og_description":"Firma autorizata de instalari | Sion Solution | Suna Acum! 0754 244 577 | Statie Incarcare Webasto PURE II-11kW cu Cablu Type 2, 7 M |","og_url":"https:\/\/sionsolution.ro\/shop\/ro\/statie-incarcare-pure-ii-11-kw-cu-cablu-type-2-70-m\/","og_site_name":"Sion Solution Srl","article_modified_time":"2022-01-28T09:27:03+00:00","og_image":[{"width":892,"height":900,"url":"https:\/\/sionsolution.ro\/shop\/wp-content\/uploads\/2021\/10\/statie-incarcare-webasto-PURE-pentru-vehicule-electrice-sion-solution.jpg","type":"image\/jpeg"}],"twitter_card":"summary_large_image","twitter_misc":{"Timp estimat pentru citire":"2 minute"},"schema":{"@context":"https:\/\/schema.org","@graph":[{"@type":"WebSite","@id":"https:\/\/sionsolution.ro\/shop\/#website","url":"https:\/\/sionsolution.ro\/shop\/","name":"Sion Solution Srl","description":"Servicii inteligente de securitate","potentialAction":[{"@type":"SearchAction","target":{"@type":"EntryPoint","urlTemplate":"https:\/\/sionsolution.ro\/shop\/?s={search_term_string}"},"query-input":"required name=search_term_string"}],"inLanguage":"ro-RO"},{"@type":"ImageObject","@id":"https:\/\/sionsolution.ro\/shop\/ro\/statie-incarcare-pure-ii-11-kw-cu-cablu-type-2-70-m\/#primaryimage","inLanguage":"ro-RO","url":"https:\/\/sionsolution.ro\/shop\/wp-content\/uploads\/2021\/10\/statie-incarcare-webasto-PURE-pentru-vehicule-electrice-sion-solution.jpg","contentUrl":"https:\/\/sionsolution.ro\/shop\/wp-content\/uploads\/2021\/10\/statie-incarcare-webasto-PURE-pentru-vehicule-electrice-sion-solution.jpg","width":892,"height":900,"caption":"statie-incarcare-webasto-PURE-pentru-vehicule-electrice-sion-solution"},{"@type":"WebPage","@id":"https:\/\/sionsolution.ro\/shop\/ro\/statie-incarcare-pure-ii-11-kw-cu-cablu-type-2-70-m\/#webpage","url":"https:\/\/sionsolution.ro\/shop\/ro\/statie-incarcare-pure-ii-11-kw-cu-cablu-type-2-70-m\/","name":"Statie incarcare Webasto PURE II -11 kW cablu Type 2, 7 m - Sion Solution Srl","isPartOf":{"@id":"https:\/\/sionsolution.ro\/shop\/#website"},"primaryImageOfPage":{"@id":"https:\/\/sionsolution.ro\/shop\/ro\/statie-incarcare-pure-ii-11-kw-cu-cablu-type-2-70-m\/#primaryimage"},"datePublished":"2021-10-30T14:58:30+00:00","dateModified":"2022-01-28T09:27:03+00:00","description":"Firma autorizata de instalari | Sion Solution | Suna Acum! 0754 244 577 | Statie Incarcare Webasto PURE II-11kW cu Cablu Type 2, 7 M |","breadcrumb":{"@id":"https:\/\/sionsolution.ro\/shop\/ro\/statie-incarcare-pure-ii-11-kw-cu-cablu-type-2-70-m\/#breadcrumb"},"inLanguage":"ro-RO","potentialAction":[{"@type":"ReadAction","target":["https:\/\/sionsolution.ro\/shop\/ro\/statie-incarcare-pure-ii-11-kw-cu-cablu-type-2-70-m\/"]}]},{"@type":"BreadcrumbList","@id":"https:\/\/sionsolution.ro\/shop\/ro\/statie-incarcare-pure-ii-11-kw-cu-cablu-type-2-70-m\/#breadcrumb","itemListElement":[{"@type":"ListItem","position":1,"name":"Prima pagin\u0103","item":"https:\/\/sionsolution.ro\/shop\/"},{"@type":"ListItem","position":2,"name":"Shop","item":"https:\/\/sionsolution.ro\/shop\/shop\/"},{"@type":"ListItem","position":3,"name":"Statie incarcare Webasto PURE II -11 kW cablu Type 2, 7 m"}]}]}},"_links":{"self":[{"href":"https:\/\/sionsolution.ro\/shop\/wp-json\/wp\/v2\/product\/7354","targetHints":{"allow":["GET"]}}],"collection":[{"href":"https:\/\/sionsolution.ro\/shop\/wp-json\/wp\/v2\/product"}],"about":[{"href":"https:\/\/sionsolution.ro\/shop\/wp-json\/wp\/v2\/types\/product"}],"replies":[{"embeddable":true,"href":"https:\/\/sionsolution.ro\/shop\/wp-json\/wp\/v2\/comments?post=7354"}],"wp:featuredmedia":[{"embeddable":true,"href":"https:\/\/sionsolution.ro\/shop\/wp-json\/wp\/v2\/media\/7628"}],"wp:attachment":[{"href":"https:\/\/sionsolution.ro\/shop\/wp-json\/wp\/v2\/media?parent=7354"}],"wp:term":[{"taxonomy":"brand","embeddable":true,"href":"https:\/\/sionsolution.ro\/shop\/wp-json\/wp\/v2\/etheme_brands?post=7354"},{"taxonomy":"product_cat","embeddable":true,"href":"https:\/\/sionsolution.ro\/shop\/wp-json\/wp\/v2\/product_cat?post=7354"},{"taxonomy":"product_tag","embeddable":true,"href":"https:\/\/sionsolution.ro\/shop\/wp-json\/wp\/v2\/product_tag?post=7354"}],"curies":[{"name":"wp","href":"https:\/\/api.w.org\/{rel}","templated":true}]}}