{"id":7538,"date":"2021-10-31T01:09:05","date_gmt":"2021-10-30T22:09:05","guid":{"rendered":"https:\/\/sionsolution.ro\/shop\/?page_id=7538"},"modified":"2021-10-31T01:26:38","modified_gmt":"2021-10-30T22:26:38","slug":"politica-de-confidentialitate","status":"publish","type":"page","link":"https:\/\/sionsolution.ro\/shop\/politica-de-confidentialitate\/","title":{"rendered":"Politica de confidentialitate"},"content":{"rendered":"<p>Acest website este administrat de compania\u00a0<strong>Sion Solution Srl<\/strong>, cu sediul social \u00een Bucure\u0219ti, Str. Darniciei Nr. 52, Sector 5, \u00eenregistrat\u0103 la Registrul Comer\u0163ului cu nr. J40\/9513\/2012, CUI RO30568089.<\/p>\n<p><strong>Protec\u0163ia datelor personale<\/strong><\/p>\n<p><strong>Sion Solution Srl<\/strong>\u00a0consider\u0103 confiden\u021bialitatea datelor o component\u0103 esen\u021bial\u0103 \u00een afaceri. Politica \u0219i practicile noastre de protejare a datelor se concentreaz\u0103 asupra colect\u0103rii, proces\u0103rii \u0219i stoc\u0103rii corespunz\u0103toare \u0219i legale a informa\u021biilor cu caracter personal \u0219i totodat\u0103 asupra asigur\u0103rii confiden\u021bialit\u0103\u021bii \u0219i integrit\u0103\u021bii acestora.<\/p>\n<p>\u00cen conformitate cu dispozi\u021biile Legii nr. 677\/2001 pentru protec\u021bia persoanelor cu privire la prelucrarea datelor cu caracter personal \u0219i libera circula\u021bie a acestor date, modificat\u0103 \u0219i completat\u0103, ale Legii nr. 506\/2004 privind prelucrarea datelor cu caracter personal \u0219i protec\u021bia vie\u021bii private \u00een domeniul comunica\u021biilor online \u0219i ale\u00a0<strong>Regulamentului General de Protec\u021bie a Datelor<\/strong>\u00a0(<strong>GDPR<\/strong>, )\u00a0<strong>Sion Solution Srl<\/strong>\u00a0administreaz\u0103 \u00een condi\u021bii de siguran\u021b\u0103 datele cu caracter personal pe care vizitatorii le furnizeaz\u0103 \u00een cadrul acestui site.<\/p>\n<p><strong>Sion Solution Srl<\/strong>\u00a0se angajeaz\u0103 s\u0103 protejeze confiden\u021bialitatea informa\u021biilor care au fost colectate prin intermediul website-ului. Colect\u0103m numai datele cu caracter personal care sunt furnizate \u00een mod voluntar de c\u0103tre vizitatorii site-ului \u0219i care sunt minim necesare pentru a v\u0103 putea oferi informa\u0163ii privind solu\u021biile, serviciile \u0219i activit\u0103\u021bile\u00a0<strong>Sion Solution Srl<\/strong>, precum \u0219i oportunit\u0103\u021bile de angajare \u00een cadrul companiei.<\/p>\n<p>Prin completarea formularelor de pe site, vizitatorul \u00ee\u0219i d\u0103 consim\u021b\u0103m\u00e2ntul ca datele sale cu caracter personal s\u0103 intre \u00een baza de date a\u00a0<strong>Sion Solution Srl<\/strong>\u00a0\u0219i s\u0103 fie prelucrate \u0219i folosite \u00een viitor de c\u0103tre companie, cu respectarea prevederilor legale referitoare la protec\u021bia persoanelor cu privire la prelucrarea datelor cu caracter personal \u0219i libera circula\u021bie a acestor date.<\/p>\n<p><strong>Ce date colect\u0103m<\/strong><\/p>\n<ul>\n<li>Adresa de email \u2013 vom folosi adresa de mail pe care ne-a\u021bi furnizat-o pentru a v\u0103 trimite emailuri de informare cu privire la produsele \u0219i serviciile noastre.<\/li>\n<li>Prenumele \u0219i numele \u2013 vom folosi aceste date pentru a personaliza email-urile pe care vi le trimitem.<\/li>\n<li>Func\u021bia profesional\u0103 \u2013 \u00een cazul \u00een care ne-a\u021bi furnizat func\u021bia dumneavoastr\u0103, folosim aceste date pentru a personaliza email-urile pe care vi le trimitem.<\/li>\n<li>Num\u0103rul de telefon \u2013 folosim aceste informa\u021bii pentru a v\u0103 contacta rapid, \u00een cazul \u00een care au survenit modific\u0103ri fa\u021b\u0103 de informa\u021biile pe care vi le-am transmis anterior.<\/li>\n<li>Datele despre browser\/IP\/dispozitiv \u2013 folosim aceste date pentru a afla cum utiliza\u021bi site-ul nostru, cu scopul de a face schimb\u0103rile necesare pentru ca dumneavoastr\u0103 s\u0103 g\u0103si\u021bi mai u\u0219or informa\u021bia de care ave\u021bi nevoie.<\/li>\n<\/ul>\n<p><strong>Partajarea datelor personale<\/strong><\/p>\n<p>Nu vom trimite datele personale colectate prin acest site c\u0103tre ter\u021be p\u0103r\u021bi. Singurele entit\u0103\u021bi care au acces la datele utilizatorilor acestui site sunt institu\u021biile publice care aplic\u0103 legea \u00een Rom\u00e2nia care ar putea s\u0103 ne solicite, pe cale legal\u0103, furnizare unor date.<\/p>\n<p><strong>Comunic\u0103rile de marketing<\/strong><\/p>\n<p>\u00cen cazul \u00een care avem acordul dumneavoastr\u0103, v\u0103 vom trimite, prin email, mesaje de marketing (newsletter) cu scopul de a v\u0103 informa despre produse\/servicii noi, promo\u021bii etc.<\/p>\n<p>V\u0103 pute\u021bi dezabona de la newsletter \u00een orice moment, folosind una dintre metodele de mai jos:<\/p>\n<ul>\n<li>Prin click pe link-ul de dezabonare din orice newsletter primit deja de la noi<\/li>\n<li>Prin trimiterea unui email la\u00a0marketing@sionsolution.ro\u00a0prin care solicita\u021bi dezabonarea<\/li>\n<\/ul>\n<p>Orice solicitare \u00een acest sens va fi rezolvat\u0103 \u00een maxim 48h de la primire.<\/p>\n<p><strong>Care sunt drepturile de care beneficia\u021bi<\/strong><\/p>\n<p>Dreptul la informare \u2013 pute\u021bi solicita informa\u021bii privind activit\u0103\u021bile de prelucrare a datelor personale<\/p>\n<ul>\n<li>Dreptul la rectificare \u2013 pute\u021bi rectifica datele personale inexacte sau le pute\u021bi completa<\/li>\n<li>Dreptul la \u0219tergerea datelor (\u201cdreptul de a fi uitat\u201d) \u2013 pute\u021bi solicita \u0219tergerea datelor, \u00een cazul \u00een care prelucrarea acestora nu a fost legal\u0103 sau \u00een alte cazuri prev\u0103zute de lege<\/li>\n<li>Dreptul la restric\u021bionarea prelucr\u0103rii \u2013 pute\u021bi solicita restric\u021bionarea prelucr\u0103rii datelor dumneavoastr\u0103<\/li>\n<li>Dreptul de a depune pl\u00e2ngere \u2013 pute\u021bi depune pl\u00e2ngere fa\u021b\u0103 de modalitatea de prelucrare a datelor personale la Autoritatea Na\u021bionala de Supraveghere a\u00a0<strong>Prelucr\u0103rii Datelor cu Caracter Personal<\/strong><\/li>\n<\/ul>\n<p>Pentru mai multe detalii despre modul \u00een care colect\u0103m \u0219i utiliz\u0103m datele dumneavoastr\u0103 personale, v\u0103 rug\u0103m s\u0103 ne contacta\u021bi la dpo@sionsolution.ro.<\/p>\n","protected":false},"excerpt":{"rendered":"<p>Acest website este administrat de compania\u00a0Sion Solution Srl, cu sediul social \u00een Bucure\u0219ti, Str. Darniciei Nr. 52, Sector 5, \u00eenregistrat\u0103 la Registrul Comer\u0163ului cu nr. J40\/9513\/2012, CUI RO30568089. Protec\u0163ia datelor personale Sion Solution Srl\u00a0consider\u0103 confiden\u021bialitatea datelor o component\u0103 esen\u021bial\u0103 \u00een afaceri. Politica \u0219i practicile noastre&#8230;<\/p>\n","protected":false},"author":1,"featured_media":0,"parent":0,"menu_order":0,"comment_status":"closed","ping_status":"closed","template":"","meta":{"footnotes":""},"class_list":["post-7538","page","type-page","status-publish","hentry"],"yoast_head":"<!-- This site is optimized with the Yoast SEO plugin v18.0 - https:\/\/yoast.com\/wordpress\/plugins\/seo\/ -->\n<title>Politica de confidentialitate - Sion Solution Srl<\/title>\n<meta name=\"robots\" content=\"index, follow, max-snippet:-1, max-image-preview:large, max-video-preview:-1\" \/>\n<link rel=\"canonical\" href=\"https:\/\/sionsolution.ro\/shop\/politica-de-confidentialitate\/\" \/>\n<meta property=\"og:locale\" content=\"ro_RO\" \/>\n<meta property=\"og:type\" content=\"article\" \/>\n<meta property=\"og:title\" content=\"Politica de confidentialitate - Sion Solution Srl\" \/>\n<meta property=\"og:description\" content=\"Acest website este administrat de compania\u00a0Sion Solution Srl, cu sediul social \u00een Bucure\u0219ti, Str. Darniciei Nr. 52, Sector 5, \u00eenregistrat\u0103 la Registrul Comer\u0163ului cu nr. J40\/9513\/2012, CUI RO30568089. Protec\u0163ia datelor personale Sion Solution Srl\u00a0consider\u0103 confiden\u021bialitatea datelor o component\u0103 esen\u021bial\u0103 \u00een afaceri. Politica \u0219i practicile noastre...\" \/>\n<meta property=\"og:url\" content=\"https:\/\/sionsolution.ro\/shop\/politica-de-confidentialitate\/\" \/>\n<meta property=\"og:site_name\" content=\"Sion Solution Srl\" \/>\n<meta property=\"article:modified_time\" content=\"2021-10-30T22:26:38+00:00\" \/>\n<meta name=\"twitter:card\" content=\"summary_large_image\" \/>\n<meta name=\"twitter:label1\" content=\"Timp estimat pentru citire\" \/>\n\t<meta name=\"twitter:data1\" content=\"4 minute\" \/>\n<script type=\"application\/ld+json\" class=\"yoast-schema-graph\">{\"@context\":\"https:\/\/schema.org\",\"@graph\":[{\"@type\":\"WebSite\",\"@id\":\"https:\/\/sionsolution.ro\/shop\/#website\",\"url\":\"https:\/\/sionsolution.ro\/shop\/\",\"name\":\"Sion Solution Srl\",\"description\":\"Servicii inteligente de securitate\",\"potentialAction\":[{\"@type\":\"SearchAction\",\"target\":{\"@type\":\"EntryPoint\",\"urlTemplate\":\"https:\/\/sionsolution.ro\/shop\/?s={search_term_string}\"},\"query-input\":\"required name=search_term_string\"}],\"inLanguage\":\"ro-RO\"},{\"@type\":\"WebPage\",\"@id\":\"https:\/\/sionsolution.ro\/shop\/politica-de-confidentialitate\/#webpage\",\"url\":\"https:\/\/sionsolution.ro\/shop\/politica-de-confidentialitate\/\",\"name\":\"Politica de confidentialitate - Sion Solution Srl\",\"isPartOf\":{\"@id\":\"https:\/\/sionsolution.ro\/shop\/#website\"},\"datePublished\":\"2021-10-30T22:09:05+00:00\",\"dateModified\":\"2021-10-30T22:26:38+00:00\",\"breadcrumb\":{\"@id\":\"https:\/\/sionsolution.ro\/shop\/politica-de-confidentialitate\/#breadcrumb\"},\"inLanguage\":\"ro-RO\",\"potentialAction\":[{\"@type\":\"ReadAction\",\"target\":[\"https:\/\/sionsolution.ro\/shop\/politica-de-confidentialitate\/\"]}]},{\"@type\":\"BreadcrumbList\",\"@id\":\"https:\/\/sionsolution.ro\/shop\/politica-de-confidentialitate\/#breadcrumb\",\"itemListElement\":[{\"@type\":\"ListItem\",\"position\":1,\"name\":\"Prima pagin\u0103\",\"item\":\"https:\/\/sionsolution.ro\/shop\/\"},{\"@type\":\"ListItem\",\"position\":2,\"name\":\"Politica de confidentialitate\"}]}]}<\/script>\n<!-- \/ Yoast SEO plugin. -->","yoast_head_json":{"title":"Politica de confidentialitate - Sion Solution Srl","robots":{"index":"index","follow":"follow","max-snippet":"max-snippet:-1","max-image-preview":"max-image-preview:large","max-video-preview":"max-video-preview:-1"},"canonical":"https:\/\/sionsolution.ro\/shop\/politica-de-confidentialitate\/","og_locale":"ro_RO","og_type":"article","og_title":"Politica de confidentialitate - Sion Solution Srl","og_description":"Acest website este administrat de compania\u00a0Sion Solution Srl, cu sediul social \u00een Bucure\u0219ti, Str. Darniciei Nr. 52, Sector 5, \u00eenregistrat\u0103 la Registrul Comer\u0163ului cu nr. J40\/9513\/2012, CUI RO30568089. Protec\u0163ia datelor personale Sion Solution Srl\u00a0consider\u0103 confiden\u021bialitatea datelor o component\u0103 esen\u021bial\u0103 \u00een afaceri. Politica \u0219i practicile noastre...","og_url":"https:\/\/sionsolution.ro\/shop\/politica-de-confidentialitate\/","og_site_name":"Sion Solution Srl","article_modified_time":"2021-10-30T22:26:38+00:00","twitter_card":"summary_large_image","twitter_misc":{"Timp estimat pentru citire":"4 minute"},"schema":{"@context":"https:\/\/schema.org","@graph":[{"@type":"WebSite","@id":"https:\/\/sionsolution.ro\/shop\/#website","url":"https:\/\/sionsolution.ro\/shop\/","name":"Sion Solution Srl","description":"Servicii inteligente de securitate","potentialAction":[{"@type":"SearchAction","target":{"@type":"EntryPoint","urlTemplate":"https:\/\/sionsolution.ro\/shop\/?s={search_term_string}"},"query-input":"required name=search_term_string"}],"inLanguage":"ro-RO"},{"@type":"WebPage","@id":"https:\/\/sionsolution.ro\/shop\/politica-de-confidentialitate\/#webpage","url":"https:\/\/sionsolution.ro\/shop\/politica-de-confidentialitate\/","name":"Politica de confidentialitate - Sion Solution Srl","isPartOf":{"@id":"https:\/\/sionsolution.ro\/shop\/#website"},"datePublished":"2021-10-30T22:09:05+00:00","dateModified":"2021-10-30T22:26:38+00:00","breadcrumb":{"@id":"https:\/\/sionsolution.ro\/shop\/politica-de-confidentialitate\/#breadcrumb"},"inLanguage":"ro-RO","potentialAction":[{"@type":"ReadAction","target":["https:\/\/sionsolution.ro\/shop\/politica-de-confidentialitate\/"]}]},{"@type":"BreadcrumbList","@id":"https:\/\/sionsolution.ro\/shop\/politica-de-confidentialitate\/#breadcrumb","itemListElement":[{"@type":"ListItem","position":1,"name":"Prima pagin\u0103","item":"https:\/\/sionsolution.ro\/shop\/"},{"@type":"ListItem","position":2,"name":"Politica de confidentialitate"}]}]}},"_links":{"self":[{"href":"https:\/\/sionsolution.ro\/shop\/wp-json\/wp\/v2\/pages\/7538","targetHints":{"allow":["GET"]}}],"collection":[{"href":"https:\/\/sionsolution.ro\/shop\/wp-json\/wp\/v2\/pages"}],"about":[{"href":"https:\/\/sionsolution.ro\/shop\/wp-json\/wp\/v2\/types\/page"}],"author":[{"embeddable":true,"href":"https:\/\/sionsolution.ro\/shop\/wp-json\/wp\/v2\/users\/1"}],"replies":[{"embeddable":true,"href":"https:\/\/sionsolution.ro\/shop\/wp-json\/wp\/v2\/comments?post=7538"}],"version-history":[{"count":2,"href":"https:\/\/sionsolution.ro\/shop\/wp-json\/wp\/v2\/pages\/7538\/revisions"}],"predecessor-version":[{"id":7546,"href":"https:\/\/sionsolution.ro\/shop\/wp-json\/wp\/v2\/pages\/7538\/revisions\/7546"}],"wp:attachment":[{"href":"https:\/\/sionsolution.ro\/shop\/wp-json\/wp\/v2\/media?parent=7538"}],"curies":[{"name":"wp","href":"https:\/\/api.w.org\/{rel}","templated":true}]}}